{"id":5128,"date":"2022-02-27T21:55:53","date_gmt":"2022-02-27T21:55:53","guid":{"rendered":"http:\/\/sunsetbeachmeloneras.com\/?page_id=5128"},"modified":"2023-03-09T13:33:49","modified_gmt":"2023-03-09T13:33:49","slug":"historia","status":"publish","type":"page","link":"https:\/\/sunsetbeachmeloneras.com\/en\/historia\/","title":{"rendered":"HISTORIA"},"content":{"rendered":"<div data-elementor-type=\"wp-page\" data-elementor-id=\"5128\" class=\"elementor elementor-5128\">\n\t\t\t\t\t\t\t\t\t<section class=\"elementor-section elementor-top-section elementor-element elementor-element-d378342 elementor-hidden-tablet elementor-hidden-phone elementor-section-boxed elementor-section-height-default elementor-section-height-default\" data-id=\"d378342\" data-element_type=\"section\">\n\t\t\t\t\t\t<div class=\"elementor-container elementor-column-gap-default\">\n\t\t\t\t\t<div class=\"elementor-column elementor-col-100 elementor-top-column elementor-element elementor-element-83cde4c\" data-id=\"83cde4c\" data-element_type=\"column\">\n\t\t\t<div class=\"elementor-widget-wrap elementor-element-populated\">\n\t\t\t\t\t\t\t\t<div class=\"elementor-element elementor-element-4e91603 elementor-widget elementor-widget-spacer\" data-id=\"4e91603\" data-element_type=\"widget\" data-widget_type=\"spacer.default\">\n\t\t\t\t<div class=\"elementor-widget-container\">\n\t\t\t<style>\/*! elementor - v3.9.2 - 21-12-2022 *\/\n.elementor-column .elementor-spacer-inner{height:var(--spacer-size)}.e-con{--container-widget-width:100%}.e-con-inner>.elementor-widget-spacer,.e-con>.elementor-widget-spacer{width:var(--container-widget-width,var(--spacer-size));--align-self:var(--container-widget-align-self,initial);--flex-shrink:0}.e-con-inner>.elementor-widget-spacer>.elementor-widget-container,.e-con-inner>.elementor-widget-spacer>.elementor-widget-container>.elementor-spacer,.e-con>.elementor-widget-spacer>.elementor-widget-container,.e-con>.elementor-widget-spacer>.elementor-widget-container>.elementor-spacer{height:100%}.e-con-inner>.elementor-widget-spacer>.elementor-widget-container>.elementor-spacer>.elementor-spacer-inner,.e-con>.elementor-widget-spacer>.elementor-widget-container>.elementor-spacer>.elementor-spacer-inner{height:var(--container-widget-height,var(--spacer-size))}<\/style>\t\t<div class=\"elementor-spacer\">\n\t\t\t<div class=\"elementor-spacer-inner\"><\/div>\n\t\t<\/div>\n\t\t\t\t<\/div>\n\t\t\t\t<\/div>\n\t\t\t\t\t<\/div>\n\t\t<\/div>\n\t\t\t\t\t\t\t<\/div>\n\t\t<\/section>\n\t\t\t\t<section class=\"elementor-section elementor-top-section elementor-element elementor-element-2d29f6b elementor-section-full_width elementor-section-height-full elementor-section-height-default elementor-section-items-middle\" data-id=\"2d29f6b\" data-element_type=\"section\">\n\t\t\t\t\t\t<div class=\"elementor-container elementor-column-gap-default\">\n\t\t\t\t\t<div class=\"elementor-column elementor-col-100 elementor-top-column elementor-element elementor-element-ccd43c5\" data-id=\"ccd43c5\" data-element_type=\"column\">\n\t\t\t<div class=\"elementor-widget-wrap elementor-element-populated\">\n\t\t\t\t\t\t\t\t<div class=\"elementor-element elementor-element-ae28bc9 elementor-widget elementor-widget-image\" data-id=\"ae28bc9\" data-element_type=\"widget\" data-widget_type=\"image.default\">\n\t\t\t\t<div class=\"elementor-widget-container\">\n\t\t\t<style>\/*! elementor - v3.9.2 - 21-12-2022 *\/\n.elementor-widget-image{text-align:center}.elementor-widget-image a{display:inline-block}.elementor-widget-image a img[src$=\".svg\"]{width:48px}.elementor-widget-image img{vertical-align:middle;display:inline-block}<\/style>\t\t\t\t\t\t\t\t\t\t\t\t<img width=\"2560\" height=\"1707\" src=\"https:\/\/sunsetbeachmeloneras.com\/wp-content\/uploads\/2022\/02\/DSC07705-scaled.jpg\" class=\"attachment-full size-full wp-image-5135\" alt=\"\" loading=\"lazy\" srcset=\"https:\/\/sunsetbeachmeloneras.com\/wp-content\/uploads\/2022\/02\/DSC07705-scaled.jpg 2560w, https:\/\/sunsetbeachmeloneras.com\/wp-content\/uploads\/2022\/02\/DSC07705-300x200.jpg 300w, https:\/\/sunsetbeachmeloneras.com\/wp-content\/uploads\/2022\/02\/DSC07705-1024x683.jpg 1024w, https:\/\/sunsetbeachmeloneras.com\/wp-content\/uploads\/2022\/02\/DSC07705-768x512.jpg 768w, https:\/\/sunsetbeachmeloneras.com\/wp-content\/uploads\/2022\/02\/DSC07705-1536x1024.jpg 1536w, https:\/\/sunsetbeachmeloneras.com\/wp-content\/uploads\/2022\/02\/DSC07705-2048x1365.jpg 2048w\" sizes=\"(max-width: 2560px) 100vw, 2560px\" \/>\t\t\t\t\t\t\t\t\t\t\t\t\t\t\t<\/div>\n\t\t\t\t<\/div>\n\t\t\t\t\t<\/div>\n\t\t<\/div>\n\t\t\t\t\t\t\t<\/div>\n\t\t<\/section>\n\t\t\t\t<section class=\"elementor-section elementor-top-section elementor-element elementor-element-a5eea65 elementor-section-boxed elementor-section-height-default elementor-section-height-default\" data-id=\"a5eea65\" data-element_type=\"section\">\n\t\t\t\t\t\t<div class=\"elementor-container elementor-column-gap-default\">\n\t\t\t\t\t<div class=\"elementor-column elementor-col-100 elementor-top-column elementor-element elementor-element-e5742ae\" data-id=\"e5742ae\" data-element_type=\"column\">\n\t\t\t<div class=\"elementor-widget-wrap elementor-element-populated\">\n\t\t\t\t\t\t\t\t<div class=\"elementor-element elementor-element-8759998 elementor-widget-divider--view-line elementor-widget elementor-widget-divider\" data-id=\"8759998\" data-element_type=\"widget\" data-widget_type=\"divider.default\">\n\t\t\t\t<div class=\"elementor-widget-container\">\n\t\t\t<style>\/*! elementor - v3.9.2 - 21-12-2022 *\/\n.elementor-widget-divider{--divider-border-style:none;--divider-border-width:1px;--divider-color:#2c2c2c;--divider-icon-size:20px;--divider-element-spacing:10px;--divider-pattern-height:24px;--divider-pattern-size:20px;--divider-pattern-url:none;--divider-pattern-repeat:repeat-x}.elementor-widget-divider .elementor-divider{display:flex}.elementor-widget-divider .elementor-divider__text{font-size:15px;line-height:1;max-width:95%}.elementor-widget-divider .elementor-divider__element{margin:0 var(--divider-element-spacing);flex-shrink:0}.elementor-widget-divider .elementor-icon{font-size:var(--divider-icon-size)}.elementor-widget-divider .elementor-divider-separator{display:flex;margin:0;direction:ltr}.elementor-widget-divider--view-line_icon .elementor-divider-separator,.elementor-widget-divider--view-line_text .elementor-divider-separator{align-items:center}.elementor-widget-divider--view-line_icon .elementor-divider-separator:after,.elementor-widget-divider--view-line_icon .elementor-divider-separator:before,.elementor-widget-divider--view-line_text .elementor-divider-separator:after,.elementor-widget-divider--view-line_text .elementor-divider-separator:before{display:block;content:\"\";border-bottom:0;flex-grow:1;border-top:var(--divider-border-width) var(--divider-border-style) var(--divider-color)}.elementor-widget-divider--element-align-left .elementor-divider .elementor-divider-separator>.elementor-divider__svg:first-of-type{flex-grow:0;flex-shrink:100}.elementor-widget-divider--element-align-left .elementor-divider-separator:before{content:none}.elementor-widget-divider--element-align-left .elementor-divider__element{margin-left:0}.elementor-widget-divider--element-align-right .elementor-divider .elementor-divider-separator>.elementor-divider__svg:last-of-type{flex-grow:0;flex-shrink:100}.elementor-widget-divider--element-align-right .elementor-divider-separator:after{content:none}.elementor-widget-divider--element-align-right .elementor-divider__element{margin-right:0}.elementor-widget-divider:not(.elementor-widget-divider--view-line_text):not(.elementor-widget-divider--view-line_icon) .elementor-divider-separator{border-top:var(--divider-border-width) var(--divider-border-style) var(--divider-color)}.elementor-widget-divider--separator-type-pattern{--divider-border-style:none}.elementor-widget-divider--separator-type-pattern.elementor-widget-divider--view-line .elementor-divider-separator,.elementor-widget-divider--separator-type-pattern:not(.elementor-widget-divider--view-line) .elementor-divider-separator:after,.elementor-widget-divider--separator-type-pattern:not(.elementor-widget-divider--view-line) .elementor-divider-separator:before,.elementor-widget-divider--separator-type-pattern:not([class*=elementor-widget-divider--view]) .elementor-divider-separator{width:100%;min-height:var(--divider-pattern-height);-webkit-mask-size:var(--divider-pattern-size) 100%;mask-size:var(--divider-pattern-size) 100%;-webkit-mask-repeat:var(--divider-pattern-repeat);mask-repeat:var(--divider-pattern-repeat);background-color:var(--divider-color);-webkit-mask-image:var(--divider-pattern-url);mask-image:var(--divider-pattern-url)}.elementor-widget-divider--no-spacing{--divider-pattern-size:auto}.elementor-widget-divider--bg-round{--divider-pattern-repeat:round}.rtl .elementor-widget-divider .elementor-divider__text{direction:rtl}.e-con-inner>.elementor-widget-divider,.e-con>.elementor-widget-divider{width:var(--container-widget-width);--flex-grow:var(--container-widget-flex-grow)}<\/style>\t\t<div class=\"elementor-divider\">\n\t\t\t<span class=\"elementor-divider-separator\">\n\t\t\t\t\t\t<\/span>\n\t\t<\/div>\n\t\t\t\t<\/div>\n\t\t\t\t<\/div>\n\t\t\t\t\t<\/div>\n\t\t<\/div>\n\t\t\t\t\t\t\t<\/div>\n\t\t<\/section>\n\t\t\t\t<section class=\"elementor-section elementor-top-section elementor-element elementor-element-78cc9e2 elementor-section-boxed elementor-section-height-default elementor-section-height-default\" data-id=\"78cc9e2\" data-element_type=\"section\">\n\t\t\t\t\t\t<div class=\"elementor-container elementor-column-gap-default\">\n\t\t\t\t\t<div class=\"elementor-column elementor-col-100 elementor-top-column elementor-element elementor-element-f168b1b\" data-id=\"f168b1b\" data-element_type=\"column\">\n\t\t\t<div class=\"elementor-widget-wrap elementor-element-populated\">\n\t\t\t\t\t\t\t\t<div class=\"elementor-element elementor-element-66c0b5d elementor-widget elementor-widget-spacer\" data-id=\"66c0b5d\" data-element_type=\"widget\" data-widget_type=\"spacer.default\">\n\t\t\t\t<div class=\"elementor-widget-container\">\n\t\t\t\t\t<div class=\"elementor-spacer\">\n\t\t\t<div class=\"elementor-spacer-inner\"><\/div>\n\t\t<\/div>\n\t\t\t\t<\/div>\n\t\t\t\t<\/div>\n\t\t\t\t\t<\/div>\n\t\t<\/div>\n\t\t\t\t\t\t\t<\/div>\n\t\t<\/section>\n\t\t\t\t<section class=\"elementor-section elementor-top-section elementor-element elementor-element-7e68fae elementor-section-boxed elementor-section-height-default elementor-section-height-default\" data-id=\"7e68fae\" data-element_type=\"section\">\n\t\t\t\t\t\t<div class=\"elementor-container elementor-column-gap-default\">\n\t\t\t\t\t<div class=\"elementor-column elementor-col-100 elementor-top-column elementor-element elementor-element-ae2026c\" data-id=\"ae2026c\" data-element_type=\"column\">\n\t\t\t<div class=\"elementor-widget-wrap elementor-element-populated\">\n\t\t\t\t\t\t\t\t<div class=\"elementor-element elementor-element-0c721e7 elementor-widget elementor-widget-text-editor\" data-id=\"0c721e7\" data-element_type=\"widget\" data-widget_type=\"text-editor.default\">\n\t\t\t\t<div class=\"elementor-widget-container\">\n\t\t\t<style>\/*! elementor - v3.9.2 - 21-12-2022 *\/\n.elementor-widget-text-editor.elementor-drop-cap-view-stacked .elementor-drop-cap{background-color:#818a91;color:#fff}.elementor-widget-text-editor.elementor-drop-cap-view-framed .elementor-drop-cap{color:#818a91;border:3px solid;background-color:transparent}.elementor-widget-text-editor:not(.elementor-drop-cap-view-default) .elementor-drop-cap{margin-top:8px}.elementor-widget-text-editor:not(.elementor-drop-cap-view-default) .elementor-drop-cap-letter{width:1em;height:1em}.elementor-widget-text-editor .elementor-drop-cap{float:left;text-align:center;line-height:1;font-size:50px}.elementor-widget-text-editor .elementor-drop-cap-letter{display:inline-block}<\/style>\t\t\t\t<p style=\"text-align: center;\"><strong>Carta de presentaci\u00f3n<\/strong><\/p><p><span style=\"font-weight: 400;\">Tras casi veinte a\u00f1os de historia, desde un enclave \u00fanico, a pie de playa y con unas de la mejores puestas de sol de la isla de Gran Canaria, nos complace darle la bienvenida\u00a0 a nuestro estreno en las redes sociales y p\u00e1gina web oficial del renombrado Centro Comercial SUNSET BEACH MELONERAS PLAYA (antes conocido como Centro Comercial Meloneras Playa).<\/span><\/p><p><span style=\"font-weight: 400;\">Perm\u00edtame robarle un minuto de su valioso tiempo para explicarle brevemente el nuevo camino que queremos tomar en nuestro centro comercial donde tras varias crisis vividas, especialmente esta \u00faltima de la pandemia del Covid-19, procedemos a encaminarnos a un enorme reto. Convertir el Centro Comercial SUNSET BEACH MELONERAS PLAYA,\u00a0 en la especialidad del ocio diurno y nocturno <\/span><b>RESPONSABLE<\/b><span style=\"font-weight: 400;\">, enfoc\u00e1ndose principalmente a atraer a cualquier persona que decida pasar un rato agradable a la luz de nuestra gastronom\u00eda y a los atardeceres de variados eventos musicales, que har\u00e1n que nuestros visitantes conviertan su experiencia vivida en inolvidables recuerdos.<\/span><\/p><p><span style=\"font-weight: 400;\">La enorme dependencia del turismo, as\u00ed como el exceso de oferta comercial existente en nuestra isla, hace que debamos buscar algo que nos distinga especialmente de los dem\u00e1s centro comerciales. La competencia es muy fuerte y muchas son las ideas que a\u00fan tenemos para seguir mejorando y es ah\u00ed donde nuestra situaci\u00f3n geogr\u00e1fica cobra nuestra principal baza. Disponemos de un amplio aparcamiento, excelentes vistas y atardeceres, una avenida para pasear rom\u00e1nticamente y una playa donde hasta los m\u00e1s peque\u00f1os pueden disfrutar de ella, el Centro Comercial SUNSET BEACH MELONERAS PLAYA ser\u00e1 el sitio ideal para descansar y divertirse al mismo tiempo. No dude en visitarnos, le esperamos y siempre ser\u00e1 bienvenido.<\/span><\/p><p><span style=\"font-weight: 400;\">No quisiera dejar pasar la oportunidad de agradecer a todos los propietarios y los presidentes que me han precedido, as\u00ed como a la actual junta directiva y administraci\u00f3n, el encomiable esfuerzo y dedicaci\u00f3n que han tenido y tienen para con esta comunidad. A todos ellos de coraz\u00f3n, muchas gracias.<\/span><\/p><p style=\"text-align: center;\"><span style=\"font-weight: 400;\">Reciban un cordial saludo desde la Presidencia<\/span><\/p><p style=\"text-align: center;\"><strong>Francisco Rodr\u00edguez Almeida<\/strong><\/p><p style=\"text-align: center;\">\u00a0<\/p>\t\t\t\t\t\t<\/div>\n\t\t\t\t<\/div>\n\t\t\t\t<div class=\"elementor-element elementor-element-a849bb8 elementor-widget elementor-widget-text-editor\" data-id=\"a849bb8\" data-element_type=\"widget\" data-widget_type=\"text-editor.default\">\n\t\t\t\t<div class=\"elementor-widget-container\">\n\t\t\t\t\t\t\t<p style=\"text-align: center;\"><strong>English<\/strong><\/p><p style=\"text-align: left;\">After almost twenty years of history, from a unique settlement by the beach and with one of the best sunsets of Gran Canaria, we are pleased to welcome you to the launch of the social media and official website of SUNSET BEACH MELONERAS Shopping Center (before known as Meloneras Playa Shopping Center).<\/p><p style=\"text-align: left;\">Let me take a minute of your valuable time to briefly explain you the new direction we want to take in our shopping center. After several crisis, specially the last one due to Covid-19, we are heading towards a big challenge: To turn SUNSET BEACH MELONERAS PLAYA Shopping Center into a responsible daytime and nighttime leisure place. Mainly focused on attract every person that decides to spend a nice time enjoying our gastronomy and musical events, that will make our visitors turn their experience into unforgettable memories.<\/p><p style=\"text-align: left;\">The enormous tourism dependence, as well as the excess of the commercial offer that exists in our island, make us look for something that let our shopping center stand out from the others. Competence is so strong and we have a lot of ideas to continue improving; it is there where our geographical situation has a very important role to play. We have a large car park, excellent views and sunsets, an avenue to have a romantic walk and a beach where even the little ones can enjoy. SUNSET BEACH MELONERAS Shopping Center will be the ideal place to relax and have fun at the same time. Do not hesitate to visit us, we are waiting for you and you are always welcome.<\/p><p style=\"text-align: left;\">I would like to take this opportunity to show all my gratitude to all the owners and presidents that have preceded me, as well as to the actual management board and administration for the commendable effort and dedication that they have had and still have with this community. To all of them, sincerely, thank you very much.\u00a0<\/p><p style=\"text-align: left;\">Best regards from the Presidency<\/p><p style=\"text-align: center;\"><strong>Francisco Rodr\u00edguez Almeida<\/strong><\/p><p style=\"text-align: center;\">\u00a0<\/p>\t\t\t\t\t\t<\/div>\n\t\t\t\t<\/div>\n\t\t\t\t\t<\/div>\n\t\t<\/div>\n\t\t\t\t\t\t\t<\/div>\n\t\t<\/section>\n\t\t\t\t<section class=\"elementor-section elementor-top-section elementor-element elementor-element-5dcb641 elementor-section-boxed elementor-section-height-default elementor-section-height-default\" data-id=\"5dcb641\" data-element_type=\"section\">\n\t\t\t\t\t\t<div class=\"elementor-container elementor-column-gap-default\">\n\t\t\t\t\t<div class=\"elementor-column elementor-col-100 elementor-top-column elementor-element elementor-element-f1acbd1\" data-id=\"f1acbd1\" data-element_type=\"column\">\n\t\t\t<div class=\"elementor-widget-wrap elementor-element-populated\">\n\t\t\t\t\t\t\t\t<div class=\"elementor-element elementor-element-424e0fd elementor-widget elementor-widget-spacer\" data-id=\"424e0fd\" data-element_type=\"widget\" data-widget_type=\"spacer.default\">\n\t\t\t\t<div class=\"elementor-widget-container\">\n\t\t\t\t\t<div class=\"elementor-spacer\">\n\t\t\t<div class=\"elementor-spacer-inner\"><\/div>\n\t\t<\/div>\n\t\t\t\t<\/div>\n\t\t\t\t<\/div>\n\t\t\t\t\t<\/div>\n\t\t<\/div>\n\t\t\t\t\t\t\t<\/div>\n\t\t<\/section>\n\t\t\t\t\t\t\t<\/div>","protected":false},"excerpt":{"rendered":"<p>Carta de presentaci\u00f3n Tras casi veinte a\u00f1os de historia, desde un enclave \u00fanico, a pie de playa y con unas de la mejores puestas de sol de la isla de Gran Canaria, nos complace darle la bienvenida\u00a0 a nuestro estreno en las redes sociales y p\u00e1gina web oficial del renombrado Centro Comercial SUNSET BEACH MELONERAS [&hellip;]<\/p>","protected":false},"author":1,"featured_media":0,"parent":0,"menu_order":0,"comment_status":"closed","ping_status":"closed","template":"","meta":[],"yoast_head":"<!-- This site is optimized with the Yoast SEO plugin v18.9 - https:\/\/yoast.com\/wordpress\/plugins\/seo\/ -->\n<title>HISTORIA - Sunset Beach Meloneras<\/title>\n<meta name=\"robots\" content=\"index, follow, max-snippet:-1, max-image-preview:large, max-video-preview:-1\" \/>\n<link rel=\"canonical\" href=\"https:\/\/sunsetbeachmeloneras.com\/en\/historia\/\" \/>\n<meta property=\"og:locale\" content=\"en_GB\" \/>\n<meta property=\"og:type\" content=\"article\" \/>\n<meta property=\"og:title\" content=\"HISTORIA - Sunset Beach Meloneras\" \/>\n<meta property=\"og:description\" content=\"Carta de presentaci\u00f3n Tras casi veinte a\u00f1os de historia, desde un enclave \u00fanico, a pie de playa y con unas de la mejores puestas de sol de la isla de Gran Canaria, nos complace darle la bienvenida\u00a0 a nuestro estreno en las redes sociales y p\u00e1gina web oficial del renombrado Centro Comercial SUNSET BEACH MELONERAS [&hellip;]\" \/>\n<meta property=\"og:url\" content=\"https:\/\/sunsetbeachmeloneras.com\/en\/historia\/\" \/>\n<meta property=\"og:site_name\" content=\"Sunset Beach Meloneras\" \/>\n<meta property=\"article:modified_time\" content=\"2023-03-09T13:33:49+00:00\" \/>\n<meta property=\"og:image\" content=\"https:\/\/sunsetbeachmeloneras.com\/wp-content\/uploads\/2022\/02\/DSC07705-scaled.jpg\" \/>\n<meta name=\"twitter:card\" content=\"summary_large_image\" \/>\n<meta name=\"twitter:label1\" content=\"Estimated reading time\" \/>\n\t<meta name=\"twitter:data1\" content=\"4 minutes\" \/>\n<script type=\"application\/ld+json\" class=\"yoast-schema-graph\">{\"@context\":\"https:\/\/schema.org\",\"@graph\":[{\"@type\":\"WebSite\",\"@id\":\"https:\/\/sunsetbeachmeloneras.com\/#website\",\"url\":\"https:\/\/sunsetbeachmeloneras.com\/\",\"name\":\"Sunset Beach Meloneras\",\"description\":\"El atardecer nos pertenece\",\"potentialAction\":[{\"@type\":\"SearchAction\",\"target\":{\"@type\":\"EntryPoint\",\"urlTemplate\":\"https:\/\/sunsetbeachmeloneras.com\/?s={search_term_string}\"},\"query-input\":\"required name=search_term_string\"}],\"inLanguage\":\"en-GB\"},{\"@type\":\"ImageObject\",\"inLanguage\":\"en-GB\",\"@id\":\"https:\/\/sunsetbeachmeloneras.com\/historia\/#primaryimage\",\"url\":\"https:\/\/sunsetbeachmeloneras.com\/wp-content\/uploads\/2022\/02\/DSC07705-scaled.jpg\",\"contentUrl\":\"https:\/\/sunsetbeachmeloneras.com\/wp-content\/uploads\/2022\/02\/DSC07705-scaled.jpg\",\"width\":2560,\"height\":1707},{\"@type\":\"WebPage\",\"@id\":\"https:\/\/sunsetbeachmeloneras.com\/historia\/#webpage\",\"url\":\"https:\/\/sunsetbeachmeloneras.com\/historia\/\",\"name\":\"HISTORIA - Sunset Beach Meloneras\",\"isPartOf\":{\"@id\":\"https:\/\/sunsetbeachmeloneras.com\/#website\"},\"primaryImageOfPage\":{\"@id\":\"https:\/\/sunsetbeachmeloneras.com\/historia\/#primaryimage\"},\"datePublished\":\"2022-02-27T21:55:53+00:00\",\"dateModified\":\"2023-03-09T13:33:49+00:00\",\"breadcrumb\":{\"@id\":\"https:\/\/sunsetbeachmeloneras.com\/historia\/#breadcrumb\"},\"inLanguage\":\"en-GB\",\"potentialAction\":[{\"@type\":\"ReadAction\",\"target\":[\"https:\/\/sunsetbeachmeloneras.com\/historia\/\"]}]},{\"@type\":\"BreadcrumbList\",\"@id\":\"https:\/\/sunsetbeachmeloneras.com\/historia\/#breadcrumb\",\"itemListElement\":[{\"@type\":\"ListItem\",\"position\":1,\"name\":\"Portada\",\"item\":\"https:\/\/sunsetbeachmeloneras.com\/\"},{\"@type\":\"ListItem\",\"position\":2,\"name\":\"HISTORIA\"}]}]}<\/script>\n<!-- \/ Yoast SEO plugin. -->","yoast_head_json":{"title":"HISTORIA - Sunset Beach Meloneras","robots":{"index":"index","follow":"follow","max-snippet":"max-snippet:-1","max-image-preview":"max-image-preview:large","max-video-preview":"max-video-preview:-1"},"canonical":"https:\/\/sunsetbeachmeloneras.com\/en\/historia\/","og_locale":"en_GB","og_type":"article","og_title":"HISTORIA - Sunset Beach Meloneras","og_description":"Carta de presentaci\u00f3n Tras casi veinte a\u00f1os de historia, desde un enclave \u00fanico, a pie de playa y con unas de la mejores puestas de sol de la isla de Gran Canaria, nos complace darle la bienvenida\u00a0 a nuestro estreno en las redes sociales y p\u00e1gina web oficial del renombrado Centro Comercial SUNSET BEACH MELONERAS [&hellip;]","og_url":"https:\/\/sunsetbeachmeloneras.com\/en\/historia\/","og_site_name":"Sunset Beach Meloneras","article_modified_time":"2023-03-09T13:33:49+00:00","og_image":[{"url":"https:\/\/sunsetbeachmeloneras.com\/wp-content\/uploads\/2022\/02\/DSC07705-scaled.jpg"}],"twitter_card":"summary_large_image","twitter_misc":{"Estimated reading time":"4 minutes"},"schema":{"@context":"https:\/\/schema.org","@graph":[{"@type":"WebSite","@id":"https:\/\/sunsetbeachmeloneras.com\/#website","url":"https:\/\/sunsetbeachmeloneras.com\/","name":"Sunset Beach Meloneras","description":"El atardecer nos pertenece","potentialAction":[{"@type":"SearchAction","target":{"@type":"EntryPoint","urlTemplate":"https:\/\/sunsetbeachmeloneras.com\/?s={search_term_string}"},"query-input":"required name=search_term_string"}],"inLanguage":"en-GB"},{"@type":"ImageObject","inLanguage":"en-GB","@id":"https:\/\/sunsetbeachmeloneras.com\/historia\/#primaryimage","url":"https:\/\/sunsetbeachmeloneras.com\/wp-content\/uploads\/2022\/02\/DSC07705-scaled.jpg","contentUrl":"https:\/\/sunsetbeachmeloneras.com\/wp-content\/uploads\/2022\/02\/DSC07705-scaled.jpg","width":2560,"height":1707},{"@type":"WebPage","@id":"https:\/\/sunsetbeachmeloneras.com\/historia\/#webpage","url":"https:\/\/sunsetbeachmeloneras.com\/historia\/","name":"HISTORIA - Sunset Beach Meloneras","isPartOf":{"@id":"https:\/\/sunsetbeachmeloneras.com\/#website"},"primaryImageOfPage":{"@id":"https:\/\/sunsetbeachmeloneras.com\/historia\/#primaryimage"},"datePublished":"2022-02-27T21:55:53+00:00","dateModified":"2023-03-09T13:33:49+00:00","breadcrumb":{"@id":"https:\/\/sunsetbeachmeloneras.com\/historia\/#breadcrumb"},"inLanguage":"en-GB","potentialAction":[{"@type":"ReadAction","target":["https:\/\/sunsetbeachmeloneras.com\/historia\/"]}]},{"@type":"BreadcrumbList","@id":"https:\/\/sunsetbeachmeloneras.com\/historia\/#breadcrumb","itemListElement":[{"@type":"ListItem","position":1,"name":"Portada","item":"https:\/\/sunsetbeachmeloneras.com\/"},{"@type":"ListItem","position":2,"name":"HISTORIA"}]}]}},"_links":{"self":[{"href":"https:\/\/sunsetbeachmeloneras.com\/en\/wp-json\/wp\/v2\/pages\/5128"}],"collection":[{"href":"https:\/\/sunsetbeachmeloneras.com\/en\/wp-json\/wp\/v2\/pages"}],"about":[{"href":"https:\/\/sunsetbeachmeloneras.com\/en\/wp-json\/wp\/v2\/types\/page"}],"author":[{"embeddable":true,"href":"https:\/\/sunsetbeachmeloneras.com\/en\/wp-json\/wp\/v2\/users\/1"}],"replies":[{"embeddable":true,"href":"https:\/\/sunsetbeachmeloneras.com\/en\/wp-json\/wp\/v2\/comments?post=5128"}],"version-history":[{"count":23,"href":"https:\/\/sunsetbeachmeloneras.com\/en\/wp-json\/wp\/v2\/pages\/5128\/revisions"}],"predecessor-version":[{"id":5487,"href":"https:\/\/sunsetbeachmeloneras.com\/en\/wp-json\/wp\/v2\/pages\/5128\/revisions\/5487"}],"wp:attachment":[{"href":"https:\/\/sunsetbeachmeloneras.com\/en\/wp-json\/wp\/v2\/media?parent=5128"}],"curies":[{"name":"wp","href":"https:\/\/api.w.org\/{rel}","templated":true}]}}